{"id":4,"date":"2008-06-28T12:33:50","date_gmt":"2008-06-28T10:33:50","guid":{"rendered":"http:\/\/www.emelie.ohrn.info\/?page_id=4"},"modified":"2009-06-03T13:49:14","modified_gmt":"2009-06-03T11:49:14","slug":"about-2","status":"publish","type":"page","link":"http:\/\/www.emelie.ohrn.info\/?page_id=4","title":{"rendered":"lite om mig"},"content":{"rendered":"<p>jag som skriver p\u00e5 denna bloggen heter emelie. jag bor med <img decoding=\"async\" class=\"alignright\" style=\"float: right;\" src=\"http:\/\/farm4.static.flickr.com\/3287\/2619483314_0039f3fbbe.jpg?v=0\" alt=\"\" width=\"300\" \/><br \/>\nmin man och v\u00e5ra tv\u00e5 barn (linus -01 och noah-05) utanf\u00f6r g\u00f6teborg. jag b\u00f6rjade scrappa h\u00f6sten 2003 och tycker att det \u00e4r en underbar hobby. jag scrappar om allt som vi hittar p\u00e5 i familjen och ibland n\u00e5got litet annat ocks\u00e5 om jag hinner med. n\u00e4r jag hade h\u00e5llt p\u00e5 med pappers-scrap i lite \u00f6ver 5 \u00e5r b\u00f6rjade det skrivas en del om digitalt scrappande h\u00e4r i sverige. jag best\u00e4mde mig f\u00f6r att prova och tyckte det var s\u00e5 kul. jag b\u00f6rjade med att scrappa b\u00e5de papper och digitalt men tog tillslut beslutet att bara scrappa digi-scrap!s\u00e5 nuf\u00f6rtiden \u00e4r alla layouter i bloggen digitala.<\/p>\n<p>annars s\u00e5 jobbar jag p\u00e5 en 1-5 skola som l\u00e4rare och har en j\u00e4tteh\u00e4rlig klass. f\u00f6rutom scrappandet h\u00e5ller jag p\u00e5 med scouting p\u00e5 min fritid och s\u00e5 allt som har med familjen att g\u00f6ra s\u00e5klart. l\u00e4mna g\u00e4rna en liten kommentar s\u00e5 jag vet att du varit h\u00e4r och kikat. jag vill ju g\u00e4rna komma tillbaka till dig.<\/p>\n","protected":false},"excerpt":{"rendered":"<p>jag som skriver p\u00e5 denna bloggen heter emelie. jag bor med min man och v\u00e5ra tv\u00e5 barn (linus -01 och noah-05) utanf\u00f6r g\u00f6teborg. jag b\u00f6rjade scrappa h\u00f6sten 2003 och tycker att det \u00e4r en underbar hobby. jag scrappar om allt som vi hittar p\u00e5 i familjen och ibland n\u00e5got litet annat ocks\u00e5 om jag hinner [&hellip;]<\/p>\n","protected":false},"author":1,"featured_media":0,"parent":0,"menu_order":0,"comment_status":"open","ping_status":"open","template":"","meta":{"footnotes":""},"class_list":["post-4","page","type-page","status-publish","hentry"],"_links":{"self":[{"href":"http:\/\/www.emelie.ohrn.info\/index.php?rest_route=\/wp\/v2\/pages\/4","targetHints":{"allow":["GET"]}}],"collection":[{"href":"http:\/\/www.emelie.ohrn.info\/index.php?rest_route=\/wp\/v2\/pages"}],"about":[{"href":"http:\/\/www.emelie.ohrn.info\/index.php?rest_route=\/wp\/v2\/types\/page"}],"author":[{"embeddable":true,"href":"http:\/\/www.emelie.ohrn.info\/index.php?rest_route=\/wp\/v2\/users\/1"}],"replies":[{"embeddable":true,"href":"http:\/\/www.emelie.ohrn.info\/index.php?rest_route=%2Fwp%2Fv2%2Fcomments&post=4"}],"version-history":[{"count":1,"href":"http:\/\/www.emelie.ohrn.info\/index.php?rest_route=\/wp\/v2\/pages\/4\/revisions"}],"predecessor-version":[{"id":10,"href":"http:\/\/www.emelie.ohrn.info\/index.php?rest_route=\/wp\/v2\/pages\/4\/revisions\/10"}],"wp:attachment":[{"href":"http:\/\/www.emelie.ohrn.info\/index.php?rest_route=%2Fwp%2Fv2%2Fmedia&parent=4"}],"curies":[{"name":"wp","href":"https:\/\/api.w.org\/{rel}","templated":true}]}}