{"id":11,"date":"2008-06-26T10:32:48","date_gmt":"2008-06-26T10:32:48","guid":{"rendered":"http:\/\/scrapfroken.wordpress.com\/familjen\/"},"modified":"2009-07-27T14:59:55","modified_gmt":"2009-07-27T12:59:55","slug":"familjen","status":"publish","type":"page","link":"http:\/\/www.emelie.ohrn.info\/?page_id=11","title":{"rendered":"familjen"},"content":{"rendered":"<p>det kanske \u00e4r dags att f\u00f6rnya bilden p\u00e5 oss. h\u00e4r \u00e4r vi p\u00e5 midsommardansen 2009.<br \/>\n<img decoding=\"async\" class=\"alignnone\" src=\"http:\/\/i395.photobucket.com\/albums\/pp40\/scrapfroken\/CopyofP6194868copy.jpg\" alt=\"\" \/><\/p>\n<p><span style=\"color: #000000;\">okej, dagis efterlyste en bild p\u00e5 hela familjen<\/span><span style=\"color: #000000;\"> som skulle in i noahs portfoliep\u00e4rm. sagt och gjort, fram med stativet och ta massa bilder. s\u00e5 h\u00e4r kommer vi! mamman, pappan och \u00e4lsklingsbusarna. linus-01 och noah-05.<\/span><img decoding=\"async\" class=\"alignnone alignleft\" style=\"float: left;\" src=\"http:\/\/farm4.static.flickr.com\/3020\/2618660947_22b1446238.jpg?v=0\" alt=\"\" \/><\/p>\n","protected":false},"excerpt":{"rendered":"<p>det kanske \u00e4r dags att f\u00f6rnya bilden p\u00e5 oss. h\u00e4r \u00e4r vi p\u00e5 midsommardansen 2009. okej, dagis efterlyste en bild p\u00e5 hela familjen som skulle in i noahs portfoliep\u00e4rm. sagt och gjort, fram med stativet och ta massa bilder. s\u00e5 h\u00e4r kommer vi! mamman, pappan och \u00e4lsklingsbusarna. linus-01 och noah-05.<\/p>\n","protected":false},"author":1,"featured_media":0,"parent":0,"menu_order":0,"comment_status":"open","ping_status":"open","template":"","meta":{"footnotes":""},"class_list":["post-11","page","type-page","status-publish","hentry"],"_links":{"self":[{"href":"http:\/\/www.emelie.ohrn.info\/index.php?rest_route=\/wp\/v2\/pages\/11","targetHints":{"allow":["GET"]}}],"collection":[{"href":"http:\/\/www.emelie.ohrn.info\/index.php?rest_route=\/wp\/v2\/pages"}],"about":[{"href":"http:\/\/www.emelie.ohrn.info\/index.php?rest_route=\/wp\/v2\/types\/page"}],"author":[{"embeddable":true,"href":"http:\/\/www.emelie.ohrn.info\/index.php?rest_route=\/wp\/v2\/users\/1"}],"replies":[{"embeddable":true,"href":"http:\/\/www.emelie.ohrn.info\/index.php?rest_route=%2Fwp%2Fv2%2Fcomments&post=11"}],"version-history":[{"count":1,"href":"http:\/\/www.emelie.ohrn.info\/index.php?rest_route=\/wp\/v2\/pages\/11\/revisions"}],"predecessor-version":[{"id":15,"href":"http:\/\/www.emelie.ohrn.info\/index.php?rest_route=\/wp\/v2\/pages\/11\/revisions\/15"}],"wp:attachment":[{"href":"http:\/\/www.emelie.ohrn.info\/index.php?rest_route=%2Fwp%2Fv2%2Fmedia&parent=11"}],"curies":[{"name":"wp","href":"https:\/\/api.w.org\/{rel}","templated":true}]}}